{"id":143,"date":"2016-09-16T07:02:14","date_gmt":"2016-09-16T07:02:14","guid":{"rendered":"http:\/\/sw-themes.com\/porto_dummy\/?page_id=143"},"modified":"2025-05-14T12:43:30","modified_gmt":"2025-05-14T09:43:30","slug":"home","status":"publish","type":"page","link":"https:\/\/adenkarsuite.com\/","title":{"rendered":"Anasayfa"},"content":{"rendered":"<p>[vc_row wrap_container=&#8221;yes&#8221; is_section=&#8221;yes&#8221; section_skin=&#8221;parallax&#8221; remove_margin_top=&#8221;yes&#8221; remove_margin_bottom=&#8221;yes&#8221; remove_border=&#8221;yes&#8221;][vc_column offset=&#8221;vc_col-md-8&#8243;][vc_custom_heading text=&#8221;Deniz Manzaras\u0131 E\u015fli\u011finde Huzurlu Konaklama&#8221; font_container=&#8221;tag:h3|text_align:left&#8221; use_theme_fonts=&#8221;yes&#8221; text_transform=&#8221;text-uppercase&#8221; el_class=&#8221;m-t-lg m-b-none&#8221;][vc_separator color=&#8221;custom&#8221; align=&#8221;align_left&#8221; border_width=&#8221;3&#8243; type=&#8221;small&#8221; gap=&#8221;short&#8221; accent_color=&#8221;#bc9552&#8243;][vc_column_text]Aden Kar Suite\u00a0 olarak kuruldu\u011fumuz g\u00fcnden otelimizde ki t\u00fcm m\u00fc\u015fterilerin huzur ve g\u00fcvenli\u011fini sa\u011flad\u0131\u011f\u0131m\u0131z\u0131 ve bu ilkenin bizler i\u00e7in \u00e7ok \u00f6nemli oldu\u011funu belirtmek isteriz. Aden Kar Suite&#8217;i\u00a0 7 g\u00fcn 24 saat arayabilir, rezervasyon yapt\u0131rabilirsiniz. Hafta i\u00e7i- hafta sonu fiyatlar\u0131m\u0131z de\u011fi\u015fiklik g\u00f6sterebilir. Fiyatlar\u0131m\u0131za KDV dahildir. Pos cihaz\u0131m\u0131z bulunmaktad\u0131r.<br \/>\nDairelerimizde LCD TV, HD uydu yay\u0131n\u0131 bulunmaktad\u0131r ve s\u0131n\u0131rs\u0131z internet servisimiz sorunsuz her saat devam etmektedir. Odalar\u0131m\u0131zda kulland\u0131\u011f\u0131m\u0131z her \u00fcr\u00fcn, \u00e7a\u011fa uygun ve kalitelidir.[\/vc_column_text][\/vc_column][vc_column offset=&#8221;vc_col-md-4&#8243;][vc_row_inner gap=&#8221;1&#8243; el_class=&#8221;micro-map box-shadow-custom&#8221;][vc_column_inner offset=&#8221;vc_col-xs-6&#8243;][vc_column_text el_class=&#8221;m-b-none&#8221;]<\/p>\n<div class=\"micro-map-info\">\n<div class=\"micro-map-info-detail\"><i class=\"Simple-Line-Icons-location-pin text-color-primary\"><\/i><label>Addres<b>Kanuni Mah.Yi\u011fit Sok. No:7 Ortahisar\/Trabzon<\/b><\/label><\/div>\n<div class=\"micro-map-info-detail\"><i class=\"Simple-Line-Icons-phone text-color-primary\"><\/i><label>Tel:<\/label><strong>+90(539) 206 05 90 \/<br \/>\n+90 533 254 84 65<\/strong><\/div>\n<\/div>\n<p>[\/vc_column_text][\/vc_column_inner][\/vc_row_inner][\/vc_column][\/vc_row][vc_row parallax=&#8221;content-moving&#8221; parallax_image=&#8221;74&#8243; parallax_speed_bg=&#8221;2&#8243; wrap_container=&#8221;yes&#8221; text_align=&#8221;center&#8221; is_section=&#8221;yes&#8221; section_skin=&#8221;parallax&#8221; remove_margin_top=&#8221;yes&#8221; remove_margin_bottom=&#8221;yes&#8221; remove_border=&#8221;yes&#8221; enable_overlay=&#8221;enable_overlay_value&#8221; overlay_color=&#8221;rgba(0,0,0,0.4)&#8221;][vc_column][vc_custom_heading text=&#8221;\u00d6NEMLI OLAN KONFORUNUZ&#8221; font_container=&#8221;tag:h3|text_align:center&#8221; use_theme_fonts=&#8221;yes&#8221; text_transform=&#8221;text-uppercase&#8221; skin=&#8221;light&#8221; el_class=&#8221;m-b-xs m-t-none&#8221;][vc_column_text el_class=&#8221;lead text-color-light&#8221;]T\u00fcm Odalar\u0131m\u0131z\u0131 kendinizi evinizde hissetmeniz ad\u0131na \u00f6zenle dizayn ettik[\/vc_column_text][\/vc_column][\/vc_row][vc_row wrap_container=&#8221;yes&#8221; is_section=&#8221;yes&#8221; section_skin=&#8221;parallax&#8221; remove_margin_top=&#8221;yes&#8221; remove_margin_bottom=&#8221;yes&#8221; remove_border=&#8221;yes&#8221;][vc_column width=&#8221;1\/3&#8243;]<div class=\"porto-carousel owl-carousel has-ccols ccols-1 m-t-lg m-b-xl box-shadow-custom nav-inside\" data-plugin-options=\"{&quot;stagePadding&quot;:0,&quot;margin&quot;:10,&quot;autoplay&quot;:&quot;yes&quot;,&quot;autoplayTimeout&quot;:3000,&quot;autoplayHoverPause&quot;:false,&quot;items&quot;:1,&quot;lg&quot;:1,&quot;md&quot;:1,&quot;sm&quot;:1,&quot;xs&quot;:1,&quot;nav&quot;:false,&quot;dots&quot;:&quot;yes&quot;,&quot;animateIn&quot;:&quot;&quot;,&quot;animateOut&quot;:&quot;fadeOut&quot;,&quot;loop&quot;:&quot;yes&quot;,&quot;center&quot;:false,&quot;video&quot;:false,&quot;lazyLoad&quot;:false,&quot;fullscreen&quot;:false}\">[vc_single_image source=&#8221;external_link&#8221; custom_src=&#8221;http:\/\/www.adensuitehotel.com\/wp-content\/uploads\/2019\/06\/image27.jpg&#8221;][vc_single_image source=&#8221;external_link&#8221; custom_src=&#8221;http:\/\/www.adensuitehotel.com\/wp-content\/uploads\/2019\/06\/image148.jpg&#8221;][vc_single_image source=&#8221;external_link&#8221; custom_src=&#8221;http:\/\/www.adensuitehotel.com\/wp-content\/uploads\/2019\/06\/image54.jpg&#8221;]<\/div>[\/vc_column][vc_column width=&#8221;2\/3&#8243;][vc_custom_heading text=&#8221;Fark\u0131 Bizimle Ya\u015fay\u0131n&#8221; font_container=&#8221;tag:h3|text_align:left&#8221; use_theme_fonts=&#8221;yes&#8221; text_transform=&#8221;text-uppercase&#8221; el_class=&#8221;m-t-lg m-b-none&#8221;][vc_separator color=&#8221;custom&#8221; align=&#8221;align_left&#8221; border_width=&#8221;3&#8243; type=&#8221;small&#8221; gap=&#8221;short&#8221; accent_color=&#8221;#bc9552&#8243;][vc_column_text el_class=&#8221;m-t-xs m-b-md&#8221;]Aden Kar Suite konforlu ve ferah \u00a0odalar\u0131m\u0131zda \u00a024 saat s\u0131cak su, tv, s\u0131n\u0131rs\u0131z internet hizmeti bulunmaktad\u0131r. Dairelerimiz bayan temizlik personellerimiz taraf\u0131ndan \u00f6zenle temizlenir, her g\u00fcn havlular\u0131n\u0131z, nevresimleriniz de\u011fi\u015ftirilir.[\/vc_column_text][vc_row_inner][vc_column_inner width=&#8221;1\/3&#8243;][vc_column_text el_class=&#8221;m-b-none&#8221;]<\/p>\n<ul class=\"list list-icons list-primary list-borders text-uppercase text-color-dark font-size-sm\">\n<li><i class=\"fa fa-check\"><\/i> \u00dccretsiz Wi-fi<\/li>\n<li><i class=\"fa fa-check\"><\/i> Klima<\/li>\n<li><i class=\"fa fa-check\"><\/i> Havaliman\u0131na Transfer<\/li>\n<\/ul>\n<p>[\/vc_column_text][\/vc_column_inner][vc_column_inner width=&#8221;1\/3&#8243;][vc_column_text el_class=&#8221;m-b-none&#8221;]<\/p>\n<ul class=\"list list-icons list-primary list-borders text-uppercase text-color-dark font-size-sm\">\n<li><i class=\"fa fa-check\"><\/i> Lcd Televizyon<\/li>\n<li><i class=\"fa fa-check\"><\/i> 7\/24 G\u00fcvenlik Sistemi<\/li>\n<li><i class=\"fa fa-check\"><\/i> \u00dccretsiz Otopark<\/li>\n<\/ul>\n<p>[\/vc_column_text][\/vc_column_inner][vc_column_inner width=&#8221;1\/3&#8243;][vc_column_text el_class=&#8221;m-b-none&#8221;]<\/p>\n<ul class=\"list list-icons list-primary list-borders text-uppercase text-color-dark font-size-sm\">\n<li><i class=\"fa fa-check\"><\/i>Uyand\u0131rma Servisi<\/li>\n<li><i class=\"fa fa-check\"><\/i>Deniz Manzaral\u0131 Odalar<\/li>\n<li><i class=\"fa fa-check\"><\/i> Merkezi Konum<\/li>\n<\/ul>\n<p>[\/vc_column_text][\/vc_column_inner][\/vc_row_inner][\/vc_column][\/vc_row][vc_row wrap_container=&#8221;yes&#8221; is_section=&#8221;yes&#8221; section_skin=&#8221;parallax&#8221; remove_margin_top=&#8221;yes&#8221; remove_margin_bottom=&#8221;yes&#8221; remove_border=&#8221;yes&#8221;][vc_column][vc_custom_heading text=&#8221;Trabzon&#8217;daki Eviniz&#8221; font_container=&#8221;tag:h3|text_align:center&#8221; use_theme_fonts=&#8221;yes&#8221; text_transform=&#8221;text-uppercase&#8221; el_class=&#8221;m-t-md m-b-none&#8221;][vc_separator color=&#8221;custom&#8221; border_width=&#8221;3&#8243; type=&#8221;small&#8221; gap=&#8221;short&#8221; accent_color=&#8221;#bc9552&#8243; el_class=&#8221;m-b-xlg&#8221;][vc_row_inner][vc_column_inner offset=&#8221;vc_col-md-6&#8243;]<div class=\"porto-image-frame  box-shadow-custom thumb-info-side-image-custom thumb-info-side-image-custom-highlight\" data-appear-animation=\"fadeIn\"><span class=\"thumb-info thumb-info-side-image thumb-info-no-zoom thumb-info-centered-icons thumb-info-no-borders\"><a href=\"#\" title=\"\" target=\"_self\"><span class=\"thumb-info-side-image-wrapper\"><img decoding=\"async\" alt=\"\" src=\"\/\/adenkarsuite.com\/wp-content\/uploads\/2019\/06\/image187.jpg\" class=\"img-responsive\" width=\"t\" height=\"t\"><\/span><\/a><span class=\"thumb-info-caption\"><span class=\"thumb-info-caption-text\"><h5 class=\"font-weight-semibold m-b-xs\">Ferah Bir Ya\u015fam Alan\u0131<\/h5><p>Dairelerimizde LCD TV, HD uydu yay\u0131n\u0131 bulunmaktad\u0131r ve s\u0131n\u0131rs\u0131z internet servisimiz sorunsuz her saat devam etmektedir. Odalar\u0131m\u0131zda kulland\u0131\u011f\u0131m\u0131z her \u00fcr\u00fcn, \u00e7a\u011fa uygun ve kalitelidir.<\/p>\n<\/span><\/span><\/span><\/div>[\/vc_column_inner][vc_column_inner offset=&#8221;vc_col-md-6&#8243;]<div class=\"porto-image-frame  box-shadow-custom thumb-info-side-image-custom\" data-appear-animation=\"fadeIn\" data-appear-animation-delay=\"300\"><span class=\"thumb-info thumb-info-side-image thumb-info-no-zoom thumb-info-centered-icons thumb-info-no-borders\"><a href=\"#\" title=\"\" target=\"_self\"><span class=\"thumb-info-side-image-wrapper\"><img decoding=\"async\" alt=\"\" src=\"\/\/adenkarsuite.com\/wp-content\/uploads\/2019\/06\/aden_balkon1.jpeg\" class=\"img-responsive\" width=\"t\" height=\"t\" style=\"max-width:240px\"><\/span><\/a><span class=\"thumb-info-caption\"><span class=\"thumb-info-caption-text\"><h5 class=\"font-weight-semibold m-b-xs\">Deniz Manzaral\u0131 Daireler<\/h5><p>Otelimizde yer alan dairelerimizin hepsi deniz manzaras\u0131na sahiptir.<\/p>\n<\/span><\/span><\/span><\/div>[\/vc_column_inner][\/vc_row_inner][\/vc_column][\/vc_row]<\/p>\n","protected":false},"excerpt":{"rendered":"<p>[vc_row wrap_container=&#8221;yes&#8221; is_section=&#8221;yes&#8221; section_skin=&#8221;parallax&#8221; remove_margin_top=&#8221;yes&#8221; remove_margin_bottom=&#8221;yes&#8221; remove_border=&#8221;yes&#8221;][vc_column offset=&#8221;vc_col-md-8&#8243;][vc_custom_heading text=&#8221;Deniz Manzaras\u0131 E\u015fli\u011finde Huzurlu Konaklama&#8221; font_container=&#8221;tag:h3|text_align:left&#8221; use_theme_fonts=&#8221;yes&#8221; text_transform=&#8221;text-uppercase&#8221; el_class=&#8221;m-t-lg m-b-none&#8221;][vc_separator color=&#8221;custom&#8221; align=&#8221;align_left&#8221; border_width=&#8221;3&#8243; type=&#8221;small&#8221; gap=&#8221;short&#8221; accent_color=&#8221;#bc9552&#8243;][vc_column_text]Aden Kar Suite\u00a0 olarak kuruldu\u011fumuz g\u00fcnden otelimizde ki t\u00fcm m\u00fc\u015fterilerin huzur ve g\u00fcvenli\u011fini sa\u011flad\u0131\u011f\u0131m\u0131z\u0131 ve bu ilkenin bizler i\u00e7in \u00e7ok \u00f6nemli oldu\u011funu belirtmek isteriz. Aden Kar Suite&#8217;i\u00a0 7 g\u00fcn 24 saat arayabilir, [&hellip;]<\/p>\n","protected":false},"author":1,"featured_media":0,"parent":0,"menu_order":0,"comment_status":"closed","ping_status":"closed","template":"","meta":{"footnotes":""},"class_list":["post-143","page","type-page","status-publish","hentry"],"yoast_head":"<!-- This site is optimized with the Yoast SEO plugin v25.1 - https:\/\/yoast.com\/wordpress\/plugins\/seo\/ -->\n<title>Anasayfa - ADEN KAR SUITE HOTEL TRABZON<\/title>\n<meta name=\"robots\" content=\"index, follow, max-snippet:-1, max-image-preview:large, max-video-preview:-1\" \/>\n<link rel=\"canonical\" href=\"https:\/\/adenkarsuite.com\/\" \/>\n<meta property=\"og:locale\" content=\"tr_TR\" \/>\n<meta property=\"og:type\" content=\"article\" \/>\n<meta property=\"og:title\" content=\"Anasayfa - ADEN KAR SUITE HOTEL TRABZON\" \/>\n<meta property=\"og:description\" content=\"[vc_row wrap_container=&#8221;yes&#8221; is_section=&#8221;yes&#8221; section_skin=&#8221;parallax&#8221; remove_margin_top=&#8221;yes&#8221; remove_margin_bottom=&#8221;yes&#8221; remove_border=&#8221;yes&#8221;][vc_column offset=&#8221;vc_col-md-8&#8243;][vc_custom_heading text=&#8221;Deniz Manzaras\u0131 E\u015fli\u011finde Huzurlu Konaklama&#8221; font_container=&#8221;tag:h3|text_align:left&#8221; use_theme_fonts=&#8221;yes&#8221; text_transform=&#8221;text-uppercase&#8221; el_class=&#8221;m-t-lg m-b-none&#8221;][vc_separator color=&#8221;custom&#8221; align=&#8221;align_left&#8221; border_width=&#8221;3&#8243; type=&#8221;small&#8221; gap=&#8221;short&#8221; accent_color=&#8221;#bc9552&#8243;][vc_column_text]Aden Kar Suite\u00a0 olarak kuruldu\u011fumuz g\u00fcnden otelimizde ki t\u00fcm m\u00fc\u015fterilerin huzur ve g\u00fcvenli\u011fini sa\u011flad\u0131\u011f\u0131m\u0131z\u0131 ve bu ilkenin bizler i\u00e7in \u00e7ok \u00f6nemli oldu\u011funu belirtmek isteriz. Aden Kar Suite&#8217;i\u00a0 7 g\u00fcn 24 saat arayabilir, [&hellip;]\" \/>\n<meta property=\"og:url\" content=\"https:\/\/adenkarsuite.com\/\" \/>\n<meta property=\"og:site_name\" content=\"ADEN KAR SUITE HOTEL TRABZON\" \/>\n<meta property=\"article:modified_time\" content=\"2025-05-14T09:43:30+00:00\" \/>\n<meta name=\"twitter:card\" content=\"summary_large_image\" \/>\n<meta name=\"twitter:label1\" content=\"Tahmini okuma s\u00fcresi\" \/>\n\t<meta name=\"twitter:data1\" content=\"3 dakika\" \/>\n<script type=\"application\/ld+json\" class=\"yoast-schema-graph\">{\"@context\":\"https:\/\/schema.org\",\"@graph\":[{\"@type\":\"WebPage\",\"@id\":\"https:\/\/adenkarsuite.com\/\",\"url\":\"https:\/\/adenkarsuite.com\/\",\"name\":\"Anasayfa - ADEN KAR SUITE HOTEL TRABZON\",\"isPartOf\":{\"@id\":\"https:\/\/adenkarsuite.com\/#website\"},\"datePublished\":\"2016-09-16T07:02:14+00:00\",\"dateModified\":\"2025-05-14T09:43:30+00:00\",\"breadcrumb\":{\"@id\":\"https:\/\/adenkarsuite.com\/#breadcrumb\"},\"inLanguage\":\"tr\",\"potentialAction\":[{\"@type\":\"ReadAction\",\"target\":[\"https:\/\/adenkarsuite.com\/\"]}]},{\"@type\":\"BreadcrumbList\",\"@id\":\"https:\/\/adenkarsuite.com\/#breadcrumb\",\"itemListElement\":[{\"@type\":\"ListItem\",\"position\":1,\"name\":\"Ana sayfa\",\"item\":\"https:\/\/adenkarsuite.com\/\"},{\"@type\":\"ListItem\",\"position\":2,\"name\":\"Anasayfa\"}]},{\"@type\":\"WebSite\",\"@id\":\"https:\/\/adenkarsuite.com\/#website\",\"url\":\"https:\/\/adenkarsuite.com\/\",\"name\":\"ADEN KAR SUITE HOTEL TRABZON\",\"description\":\"Konforun Yeni Ad\u0131: Aden Kar Suite Hotel.\",\"potentialAction\":[{\"@type\":\"SearchAction\",\"target\":{\"@type\":\"EntryPoint\",\"urlTemplate\":\"https:\/\/adenkarsuite.com\/?s={search_term_string}\"},\"query-input\":{\"@type\":\"PropertyValueSpecification\",\"valueRequired\":true,\"valueName\":\"search_term_string\"}}],\"inLanguage\":\"tr\"}]}<\/script>\n<!-- \/ Yoast SEO plugin. -->","yoast_head_json":{"title":"Anasayfa - ADEN KAR SUITE HOTEL TRABZON","robots":{"index":"index","follow":"follow","max-snippet":"max-snippet:-1","max-image-preview":"max-image-preview:large","max-video-preview":"max-video-preview:-1"},"canonical":"https:\/\/adenkarsuite.com\/","og_locale":"tr_TR","og_type":"article","og_title":"Anasayfa - ADEN KAR SUITE HOTEL TRABZON","og_description":"[vc_row wrap_container=&#8221;yes&#8221; is_section=&#8221;yes&#8221; section_skin=&#8221;parallax&#8221; remove_margin_top=&#8221;yes&#8221; remove_margin_bottom=&#8221;yes&#8221; remove_border=&#8221;yes&#8221;][vc_column offset=&#8221;vc_col-md-8&#8243;][vc_custom_heading text=&#8221;Deniz Manzaras\u0131 E\u015fli\u011finde Huzurlu Konaklama&#8221; font_container=&#8221;tag:h3|text_align:left&#8221; use_theme_fonts=&#8221;yes&#8221; text_transform=&#8221;text-uppercase&#8221; el_class=&#8221;m-t-lg m-b-none&#8221;][vc_separator color=&#8221;custom&#8221; align=&#8221;align_left&#8221; border_width=&#8221;3&#8243; type=&#8221;small&#8221; gap=&#8221;short&#8221; accent_color=&#8221;#bc9552&#8243;][vc_column_text]Aden Kar Suite\u00a0 olarak kuruldu\u011fumuz g\u00fcnden otelimizde ki t\u00fcm m\u00fc\u015fterilerin huzur ve g\u00fcvenli\u011fini sa\u011flad\u0131\u011f\u0131m\u0131z\u0131 ve bu ilkenin bizler i\u00e7in \u00e7ok \u00f6nemli oldu\u011funu belirtmek isteriz. Aden Kar Suite&#8217;i\u00a0 7 g\u00fcn 24 saat arayabilir, [&hellip;]","og_url":"https:\/\/adenkarsuite.com\/","og_site_name":"ADEN KAR SUITE HOTEL TRABZON","article_modified_time":"2025-05-14T09:43:30+00:00","twitter_card":"summary_large_image","twitter_misc":{"Tahmini okuma s\u00fcresi":"3 dakika"},"schema":{"@context":"https:\/\/schema.org","@graph":[{"@type":"WebPage","@id":"https:\/\/adenkarsuite.com\/","url":"https:\/\/adenkarsuite.com\/","name":"Anasayfa - ADEN KAR SUITE HOTEL TRABZON","isPartOf":{"@id":"https:\/\/adenkarsuite.com\/#website"},"datePublished":"2016-09-16T07:02:14+00:00","dateModified":"2025-05-14T09:43:30+00:00","breadcrumb":{"@id":"https:\/\/adenkarsuite.com\/#breadcrumb"},"inLanguage":"tr","potentialAction":[{"@type":"ReadAction","target":["https:\/\/adenkarsuite.com\/"]}]},{"@type":"BreadcrumbList","@id":"https:\/\/adenkarsuite.com\/#breadcrumb","itemListElement":[{"@type":"ListItem","position":1,"name":"Ana sayfa","item":"https:\/\/adenkarsuite.com\/"},{"@type":"ListItem","position":2,"name":"Anasayfa"}]},{"@type":"WebSite","@id":"https:\/\/adenkarsuite.com\/#website","url":"https:\/\/adenkarsuite.com\/","name":"ADEN KAR SUITE HOTEL TRABZON","description":"Konforun Yeni Ad\u0131: Aden Kar Suite Hotel.","potentialAction":[{"@type":"SearchAction","target":{"@type":"EntryPoint","urlTemplate":"https:\/\/adenkarsuite.com\/?s={search_term_string}"},"query-input":{"@type":"PropertyValueSpecification","valueRequired":true,"valueName":"search_term_string"}}],"inLanguage":"tr"}]}},"_links":{"self":[{"href":"https:\/\/adenkarsuite.com\/index.php\/wp-json\/wp\/v2\/pages\/143","targetHints":{"allow":["GET"]}}],"collection":[{"href":"https:\/\/adenkarsuite.com\/index.php\/wp-json\/wp\/v2\/pages"}],"about":[{"href":"https:\/\/adenkarsuite.com\/index.php\/wp-json\/wp\/v2\/types\/page"}],"author":[{"embeddable":true,"href":"https:\/\/adenkarsuite.com\/index.php\/wp-json\/wp\/v2\/users\/1"}],"replies":[{"embeddable":true,"href":"https:\/\/adenkarsuite.com\/index.php\/wp-json\/wp\/v2\/comments?post=143"}],"version-history":[{"count":10,"href":"https:\/\/adenkarsuite.com\/index.php\/wp-json\/wp\/v2\/pages\/143\/revisions"}],"predecessor-version":[{"id":291,"href":"https:\/\/adenkarsuite.com\/index.php\/wp-json\/wp\/v2\/pages\/143\/revisions\/291"}],"wp:attachment":[{"href":"https:\/\/adenkarsuite.com\/index.php\/wp-json\/wp\/v2\/media?parent=143"}],"curies":[{"name":"wp","href":"https:\/\/api.w.org\/{rel}","templated":true}]}}