{"id":12,"date":"2016-09-16T07:02:12","date_gmt":"2016-09-16T07:02:12","guid":{"rendered":"http:\/\/sw-themes.com\/porto_dummy\/?page_id=7"},"modified":"2025-05-15T12:59:15","modified_gmt":"2025-05-15T09:59:15","slug":"hakkimizda","status":"publish","type":"page","link":"https:\/\/adenkarsuite.com\/index.php\/hakkimizda\/","title":{"rendered":"Hakk\u0131m\u0131zda"},"content":{"rendered":"<p>[vc_row el_id=&#8221;overview&#8221;][vc_column][vc_custom_heading text=&#8221;Hakk\u0131m\u0131zda&#8221; font_container=&#8221;tag:h3|text_align:left&#8221; use_theme_fonts=&#8221;yes&#8221; text_transform=&#8221;text-uppercase&#8221; el_class=&#8221;m-b-none&#8221;][vc_separator color=&#8221;custom&#8221; align=&#8221;align_left&#8221; border_width=&#8221;3&#8243; type=&#8221;small&#8221; gap=&#8221;short&#8221; accent_color=&#8221;#bc9552&#8243;][vc_row_inner][vc_column_inner width=&#8221;2\/3&#8243;][vc_column_text]<\/p>\n<p data-start=\"98\" data-end=\"337\"><strong data-start=\"98\" data-end=\"191\">Aden Kar Suite, merkezi konumuyla ihtiya\u00e7 duyaca\u011f\u0131n\u0131z her \u015feye kolay eri\u015fim imk\u00e2n\u0131 sunar.<\/strong> \u015eehir merkezine sadece 5 dakika uzakl\u0131kta yer almas\u0131 sayesinde, Trabzon\u2019u ke\u015ffetmek ve \u015fehrin keyfini doyas\u0131ya ya\u015famak i\u00e7in ideal bir noktadad\u0131r.<\/p>\n<p data-start=\"339\" data-end=\"586\"><strong data-start=\"339\" data-end=\"383\">Konum avantajlar\u0131 bununla s\u0131n\u0131rl\u0131 de\u011fil.<\/strong> Aden Kar Suite, Trabzon Havaliman\u0131\u2019na yaln\u0131zca 5 dakikal\u0131k y\u00fcr\u00fcme mesafesindedir ve t\u00fcm havaalan\u0131 servislerinin ge\u00e7ti\u011fi g\u00fczergah \u00fczerinde yer al\u0131r. Bu da ula\u015f\u0131m\u0131 son derece kolay ve pratik hale getirir.<\/p>\n<p data-start=\"588\" data-end=\"767\">Ayr\u0131ca, \u00e7evresinde al\u0131\u015fveri\u015f merkezleri, sahil \u015feridi ve \u00e7ok say\u0131da kafe bulunan Aden Kar Suite, hem dinlenmek hem de \u015fehri ya\u015famak isteyen misafirler i\u00e7in m\u00fckemmel bir tercihtir.<\/p>\n<p>[\/vc_column_text][\/vc_column_inner][vc_column_inner width=&#8221;1\/3&#8243;]<div class=\"porto-carousel owl-carousel has-ccols ccols-1 m-t-md box-shadow-custom nav-inside\" data-plugin-options=\"{&quot;stagePadding&quot;:0,&quot;margin&quot;:10,&quot;autoplay&quot;:&quot;yes&quot;,&quot;autoplayTimeout&quot;:3000,&quot;autoplayHoverPause&quot;:false,&quot;items&quot;:1,&quot;lg&quot;:1,&quot;md&quot;:1,&quot;sm&quot;:1,&quot;xs&quot;:1,&quot;nav&quot;:false,&quot;dots&quot;:&quot;yes&quot;,&quot;animateIn&quot;:&quot;&quot;,&quot;animateOut&quot;:&quot;fadeOut&quot;,&quot;loop&quot;:&quot;yes&quot;,&quot;center&quot;:false,&quot;video&quot;:false,&quot;lazyLoad&quot;:false,&quot;fullscreen&quot;:false}\">[vc_single_image image=&#8221;200&#8243; img_size=&#8221;full&#8221;][vc_single_image image=&#8221;197&#8243; img_size=&#8221;full&#8221;][vc_single_image image=&#8221;201&#8243; img_size=&#8221;full&#8221;][vc_single_image image=&#8221;198&#8243; img_size=&#8221;full&#8221;]<\/div>[\/vc_column_inner][\/vc_row_inner][vc_row_inner][vc_column_inner width=&#8221;1\/3&#8243;][vc_column_text el_class=&#8221;m-b-none&#8221;]<\/p>\n<ul class=\"list list-icons list-primary list-borders text-uppercase text-color-dark font-size-sm\">\n<li><i class=\"fa fa-check\"><\/i> 24 Saat S\u0131cak Su<\/li>\n<li><i class=\"fa fa-check\"><\/i>Klima<\/li>\n<li><i class=\"fa fa-check\"><\/i> Havaliman\u0131na Transfer<\/li>\n<\/ul>\n<p>[\/vc_column_text][\/vc_column_inner][vc_column_inner width=&#8221;1\/3&#8243;][vc_column_text el_class=&#8221;m-b-none&#8221;]<\/p>\n<ul class=\"list list-icons list-primary list-borders text-uppercase text-color-dark font-size-sm\">\n<li><i class=\"fa fa-check\"><\/i> LCD Televizyon<\/li>\n<li><i class=\"fa fa-check\"><\/i> 7\/24 G\u00fcvenlik Sistemi<\/li>\n<li><i class=\"fa fa-check\"><\/i> \u00dccretsiz Otopark<\/li>\n<\/ul>\n<p>[\/vc_column_text][\/vc_column_inner][vc_column_inner width=&#8221;1\/3&#8243;][vc_column_text el_class=&#8221;m-b-none&#8221;]<\/p>\n<ul class=\"list list-icons list-primary list-borders text-uppercase text-color-dark font-size-sm\">\n<li><i class=\"fa fa-check\"><\/i> Deniz Manzaral\u0131 Odalar<\/li>\n<li><i class=\"fa fa-check\"><\/i> \u00dccretsiz Wi-Fi<\/li>\n<li><i class=\"fa fa-check\"><\/i> Merkezi Konum<\/li>\n<\/ul>\n<p>[\/vc_column_text][\/vc_column_inner][\/vc_row_inner][\/vc_column][\/vc_row][vc_row][vc_column width=&#8221;1\/3&#8243;]<div class=\"porto-carousel owl-carousel has-ccols ccols-1 m-t-md box-shadow-custom nav-inside\" data-plugin-options=\"{&quot;stagePadding&quot;:0,&quot;margin&quot;:10,&quot;autoplay&quot;:&quot;yes&quot;,&quot;autoplayTimeout&quot;:3000,&quot;autoplayHoverPause&quot;:false,&quot;items&quot;:1,&quot;lg&quot;:1,&quot;md&quot;:1,&quot;sm&quot;:1,&quot;xs&quot;:1,&quot;nav&quot;:false,&quot;dots&quot;:&quot;yes&quot;,&quot;animateIn&quot;:&quot;&quot;,&quot;animateOut&quot;:&quot;fadeOut&quot;,&quot;loop&quot;:&quot;yes&quot;,&quot;center&quot;:false,&quot;video&quot;:false,&quot;lazyLoad&quot;:false,&quot;fullscreen&quot;:false}\">[vc_single_image image=&#8221;227&#8243; img_size=&#8221;full&#8221;][vc_single_image image=&#8221;221&#8243; img_size=&#8221;full&#8221;][vc_single_image image=&#8221;218&#8243; img_size=&#8221;full&#8221;][vc_single_image image=&#8221;273&#8243; img_size=&#8221;full&#8221;]<\/div>[\/vc_column][vc_column width=&#8221;2\/3&#8243;][vc_empty_space height=&#8221;16px&#8221;][vc_column_text]<\/p>\n<p data-start=\"115\" data-end=\"382\"><strong data-start=\"115\" data-end=\"200\">Dairelerimiz, bayan temizlik personelimiz taraf\u0131ndan titizlikle temizlenmektedir.<\/strong> Her g\u00fcn havlular\u0131n\u0131z ve nevresimleriniz \u00f6zenle de\u011fi\u015ftirilir. Banyolar\u0131m\u0131zda 24 saat s\u0131cak su hizmeti sunulmakta olup, sa\u00e7 kurutma makinesi her dairede standart olarak bulunmaktad\u0131r.<\/p>\n<p data-start=\"384\" data-end=\"619\"><strong data-start=\"384\" data-end=\"431\">Konforunuz i\u00e7in t\u00fcm detaylar d\u00fc\u015f\u00fcn\u00fclm\u00fc\u015ft\u00fcr.<\/strong> Dairelerimizde LCD TV, HD uydu yay\u0131n\u0131 ve kesintisiz y\u00fcksek h\u0131zl\u0131 internet hizmeti mevcuttur. Kulland\u0131\u011f\u0131m\u0131z t\u00fcm ekipman ve \u00fcr\u00fcnler, modern ya\u015fam standartlar\u0131na uygun ve y\u00fcksek kalitededir.<\/p>\n<p>[\/vc_column_text][\/vc_column][\/vc_row]<\/p>\n","protected":false},"excerpt":{"rendered":"<p>[vc_row el_id=&#8221;overview&#8221;][vc_column][vc_custom_heading text=&#8221;Hakk\u0131m\u0131zda&#8221; font_container=&#8221;tag:h3|text_align:left&#8221; use_theme_fonts=&#8221;yes&#8221; text_transform=&#8221;text-uppercase&#8221; el_class=&#8221;m-b-none&#8221;][vc_separator color=&#8221;custom&#8221; align=&#8221;align_left&#8221; border_width=&#8221;3&#8243; type=&#8221;small&#8221; gap=&#8221;short&#8221; accent_color=&#8221;#bc9552&#8243;][vc_row_inner][vc_column_inner width=&#8221;2\/3&#8243;][vc_column_text] Aden Kar Suite, merkezi konumuyla ihtiya\u00e7 duyaca\u011f\u0131n\u0131z her \u015feye kolay eri\u015fim imk\u00e2n\u0131 sunar. \u015eehir merkezine sadece 5 dakika uzakl\u0131kta yer almas\u0131 sayesinde, Trabzon\u2019u ke\u015ffetmek ve \u015fehrin keyfini doyas\u0131ya ya\u015famak i\u00e7in ideal bir noktadad\u0131r. Konum avantajlar\u0131 bununla s\u0131n\u0131rl\u0131 de\u011fil. Aden Kar Suite, [&hellip;]<\/p>\n","protected":false},"author":1,"featured_media":0,"parent":0,"menu_order":0,"comment_status":"closed","ping_status":"closed","template":"","meta":{"footnotes":""},"class_list":["post-12","page","type-page","status-publish","hentry"],"yoast_head":"<!-- This site is optimized with the Yoast SEO plugin v25.1 - https:\/\/yoast.com\/wordpress\/plugins\/seo\/ -->\n<title>Hakk\u0131m\u0131zda - ADEN KAR SUITE HOTEL TRABZON<\/title>\n<meta name=\"robots\" content=\"index, follow, max-snippet:-1, max-image-preview:large, max-video-preview:-1\" \/>\n<link rel=\"canonical\" href=\"https:\/\/adenkarsuite.com\/index.php\/hakkimizda\/\" \/>\n<meta property=\"og:locale\" content=\"tr_TR\" \/>\n<meta property=\"og:type\" content=\"article\" \/>\n<meta property=\"og:title\" content=\"Hakk\u0131m\u0131zda - ADEN KAR SUITE HOTEL TRABZON\" \/>\n<meta property=\"og:description\" content=\"[vc_row el_id=&#8221;overview&#8221;][vc_column][vc_custom_heading text=&#8221;Hakk\u0131m\u0131zda&#8221; font_container=&#8221;tag:h3|text_align:left&#8221; use_theme_fonts=&#8221;yes&#8221; text_transform=&#8221;text-uppercase&#8221; el_class=&#8221;m-b-none&#8221;][vc_separator color=&#8221;custom&#8221; align=&#8221;align_left&#8221; border_width=&#8221;3&#8243; type=&#8221;small&#8221; gap=&#8221;short&#8221; accent_color=&#8221;#bc9552&#8243;][vc_row_inner][vc_column_inner width=&#8221;2\/3&#8243;][vc_column_text] Aden Kar Suite, merkezi konumuyla ihtiya\u00e7 duyaca\u011f\u0131n\u0131z her \u015feye kolay eri\u015fim imk\u00e2n\u0131 sunar. \u015eehir merkezine sadece 5 dakika uzakl\u0131kta yer almas\u0131 sayesinde, Trabzon\u2019u ke\u015ffetmek ve \u015fehrin keyfini doyas\u0131ya ya\u015famak i\u00e7in ideal bir noktadad\u0131r. Konum avantajlar\u0131 bununla s\u0131n\u0131rl\u0131 de\u011fil. Aden Kar Suite, [&hellip;]\" \/>\n<meta property=\"og:url\" content=\"https:\/\/adenkarsuite.com\/index.php\/hakkimizda\/\" \/>\n<meta property=\"og:site_name\" content=\"ADEN KAR SUITE HOTEL TRABZON\" \/>\n<meta property=\"article:modified_time\" content=\"2025-05-15T09:59:15+00:00\" \/>\n<meta name=\"twitter:card\" content=\"summary_large_image\" \/>\n<meta name=\"twitter:label1\" content=\"Tahmini okuma s\u00fcresi\" \/>\n\t<meta name=\"twitter:data1\" content=\"2 dakika\" \/>\n<script type=\"application\/ld+json\" class=\"yoast-schema-graph\">{\"@context\":\"https:\/\/schema.org\",\"@graph\":[{\"@type\":\"WebPage\",\"@id\":\"https:\/\/adenkarsuite.com\/index.php\/hakkimizda\/\",\"url\":\"https:\/\/adenkarsuite.com\/index.php\/hakkimizda\/\",\"name\":\"Hakk\u0131m\u0131zda - ADEN KAR SUITE HOTEL TRABZON\",\"isPartOf\":{\"@id\":\"https:\/\/adenkarsuite.com\/#website\"},\"datePublished\":\"2016-09-16T07:02:12+00:00\",\"dateModified\":\"2025-05-15T09:59:15+00:00\",\"breadcrumb\":{\"@id\":\"https:\/\/adenkarsuite.com\/index.php\/hakkimizda\/#breadcrumb\"},\"inLanguage\":\"tr\",\"potentialAction\":[{\"@type\":\"ReadAction\",\"target\":[\"https:\/\/adenkarsuite.com\/index.php\/hakkimizda\/\"]}]},{\"@type\":\"BreadcrumbList\",\"@id\":\"https:\/\/adenkarsuite.com\/index.php\/hakkimizda\/#breadcrumb\",\"itemListElement\":[{\"@type\":\"ListItem\",\"position\":1,\"name\":\"Ana sayfa\",\"item\":\"https:\/\/adenkarsuite.com\/\"},{\"@type\":\"ListItem\",\"position\":2,\"name\":\"Hakk\u0131m\u0131zda\"}]},{\"@type\":\"WebSite\",\"@id\":\"https:\/\/adenkarsuite.com\/#website\",\"url\":\"https:\/\/adenkarsuite.com\/\",\"name\":\"ADEN KAR SUITE HOTEL TRABZON\",\"description\":\"Konforun Yeni Ad\u0131: Aden Kar Suite Hotel.\",\"potentialAction\":[{\"@type\":\"SearchAction\",\"target\":{\"@type\":\"EntryPoint\",\"urlTemplate\":\"https:\/\/adenkarsuite.com\/?s={search_term_string}\"},\"query-input\":{\"@type\":\"PropertyValueSpecification\",\"valueRequired\":true,\"valueName\":\"search_term_string\"}}],\"inLanguage\":\"tr\"}]}<\/script>\n<!-- \/ Yoast SEO plugin. -->","yoast_head_json":{"title":"Hakk\u0131m\u0131zda - ADEN KAR SUITE HOTEL TRABZON","robots":{"index":"index","follow":"follow","max-snippet":"max-snippet:-1","max-image-preview":"max-image-preview:large","max-video-preview":"max-video-preview:-1"},"canonical":"https:\/\/adenkarsuite.com\/index.php\/hakkimizda\/","og_locale":"tr_TR","og_type":"article","og_title":"Hakk\u0131m\u0131zda - ADEN KAR SUITE HOTEL TRABZON","og_description":"[vc_row el_id=&#8221;overview&#8221;][vc_column][vc_custom_heading text=&#8221;Hakk\u0131m\u0131zda&#8221; font_container=&#8221;tag:h3|text_align:left&#8221; use_theme_fonts=&#8221;yes&#8221; text_transform=&#8221;text-uppercase&#8221; el_class=&#8221;m-b-none&#8221;][vc_separator color=&#8221;custom&#8221; align=&#8221;align_left&#8221; border_width=&#8221;3&#8243; type=&#8221;small&#8221; gap=&#8221;short&#8221; accent_color=&#8221;#bc9552&#8243;][vc_row_inner][vc_column_inner width=&#8221;2\/3&#8243;][vc_column_text] Aden Kar Suite, merkezi konumuyla ihtiya\u00e7 duyaca\u011f\u0131n\u0131z her \u015feye kolay eri\u015fim imk\u00e2n\u0131 sunar. \u015eehir merkezine sadece 5 dakika uzakl\u0131kta yer almas\u0131 sayesinde, Trabzon\u2019u ke\u015ffetmek ve \u015fehrin keyfini doyas\u0131ya ya\u015famak i\u00e7in ideal bir noktadad\u0131r. Konum avantajlar\u0131 bununla s\u0131n\u0131rl\u0131 de\u011fil. Aden Kar Suite, [&hellip;]","og_url":"https:\/\/adenkarsuite.com\/index.php\/hakkimizda\/","og_site_name":"ADEN KAR SUITE HOTEL TRABZON","article_modified_time":"2025-05-15T09:59:15+00:00","twitter_card":"summary_large_image","twitter_misc":{"Tahmini okuma s\u00fcresi":"2 dakika"},"schema":{"@context":"https:\/\/schema.org","@graph":[{"@type":"WebPage","@id":"https:\/\/adenkarsuite.com\/index.php\/hakkimizda\/","url":"https:\/\/adenkarsuite.com\/index.php\/hakkimizda\/","name":"Hakk\u0131m\u0131zda - ADEN KAR SUITE HOTEL TRABZON","isPartOf":{"@id":"https:\/\/adenkarsuite.com\/#website"},"datePublished":"2016-09-16T07:02:12+00:00","dateModified":"2025-05-15T09:59:15+00:00","breadcrumb":{"@id":"https:\/\/adenkarsuite.com\/index.php\/hakkimizda\/#breadcrumb"},"inLanguage":"tr","potentialAction":[{"@type":"ReadAction","target":["https:\/\/adenkarsuite.com\/index.php\/hakkimizda\/"]}]},{"@type":"BreadcrumbList","@id":"https:\/\/adenkarsuite.com\/index.php\/hakkimizda\/#breadcrumb","itemListElement":[{"@type":"ListItem","position":1,"name":"Ana sayfa","item":"https:\/\/adenkarsuite.com\/"},{"@type":"ListItem","position":2,"name":"Hakk\u0131m\u0131zda"}]},{"@type":"WebSite","@id":"https:\/\/adenkarsuite.com\/#website","url":"https:\/\/adenkarsuite.com\/","name":"ADEN KAR SUITE HOTEL TRABZON","description":"Konforun Yeni Ad\u0131: Aden Kar Suite Hotel.","potentialAction":[{"@type":"SearchAction","target":{"@type":"EntryPoint","urlTemplate":"https:\/\/adenkarsuite.com\/?s={search_term_string}"},"query-input":{"@type":"PropertyValueSpecification","valueRequired":true,"valueName":"search_term_string"}}],"inLanguage":"tr"}]}},"_links":{"self":[{"href":"https:\/\/adenkarsuite.com\/index.php\/wp-json\/wp\/v2\/pages\/12","targetHints":{"allow":["GET"]}}],"collection":[{"href":"https:\/\/adenkarsuite.com\/index.php\/wp-json\/wp\/v2\/pages"}],"about":[{"href":"https:\/\/adenkarsuite.com\/index.php\/wp-json\/wp\/v2\/types\/page"}],"author":[{"embeddable":true,"href":"https:\/\/adenkarsuite.com\/index.php\/wp-json\/wp\/v2\/users\/1"}],"replies":[{"embeddable":true,"href":"https:\/\/adenkarsuite.com\/index.php\/wp-json\/wp\/v2\/comments?post=12"}],"version-history":[{"count":8,"href":"https:\/\/adenkarsuite.com\/index.php\/wp-json\/wp\/v2\/pages\/12\/revisions"}],"predecessor-version":[{"id":194,"href":"https:\/\/adenkarsuite.com\/index.php\/wp-json\/wp\/v2\/pages\/12\/revisions\/194"}],"wp:attachment":[{"href":"https:\/\/adenkarsuite.com\/index.php\/wp-json\/wp\/v2\/media?parent=12"}],"curies":[{"name":"wp","href":"https:\/\/api.w.org\/{rel}","templated":true}]}}